{"id":57,"date":"2026-04-20T11:32:35","date_gmt":"2026-04-20T09:32:35","guid":{"rendered":"https:\/\/blog2.csmac-ngo.org\/?page_id=57"},"modified":"2026-04-20T11:32:35","modified_gmt":"2026-04-20T09:32:35","slug":"faq","status":"publish","type":"page","link":"https:\/\/blog2.csmac-ngo.org\/index.php\/faq\/","title":{"rendered":"FAQ"},"content":{"rendered":"<div class=\"wp-block-uagb-faq uagb-faq__outer-wrap uagb-block-31ba8d39 uagb-faq-icon-row uagb-faq-layout-accordion uagb-faq-expand-first-true uagb-faq-inactive-other-true uagb-faq__wrap uagb-buttons-layout-wrap uagb-faq-equal-height     \" data-faqtoggle=\"true\" role=\"tablist\"><div class=\"wp-block-uagb-faq-child uagb-faq-child__outer-wrap uagb-faq-item uagb-block-cdd29b9f \" role=\"tab\" tabindex=\"0\"><div class=\"uagb-faq-questions-button uagb-faq-questions\">\t\t\t<span class=\"uagb-icon uagb-faq-icon-wrap\">\n\t\t\t\t\t\t\t\t<svg xmlns=\"https:\/\/www.w3.org\/2000\/svg\" viewBox= \"0 0 448 512\"><path d=\"M432 256c0 17.69-14.33 32.01-32 32.01H256v144c0 17.69-14.33 31.99-32 31.99s-32-14.3-32-31.99v-144H48c-17.67 0-32-14.32-32-32.01s14.33-31.99 32-31.99H192v-144c0-17.69 14.33-32.01 32-32.01s32 14.32 32 32.01v144h144C417.7 224 432 238.3 432 256z\"><\/path><\/svg>\n\t\t\t\t\t\t\t<\/span>\n\t\t\t\t\t\t<span class=\"uagb-icon-active uagb-faq-icon-wrap\">\n\t\t\t\t\t\t\t\t<svg xmlns=\"https:\/\/www.w3.org\/2000\/svg\" viewBox= \"0 0 448 512\"><path d=\"M400 288h-352c-17.69 0-32-14.32-32-32.01s14.31-31.99 32-31.99h352c17.69 0 32 14.3 32 31.99S417.7 288 400 288z\"><\/path><\/svg>\n\t\t\t\t\t\t\t<\/span>\n\t\t\t<span class=\"uagb-question\">Est-il possible d&rsquo;essayer un v\u00e9lo \u00e9lectrique avant l&rsquo;achat ?<\/span><\/div><div class=\"uagb-faq-content\"><p>Absolument ! Chez <strong>V\u00e9lozen 53<\/strong>, nous sommes convaincus que l&rsquo;essai est l&rsquo;\u00e9tape cl\u00e9 pour choisir le mod\u00e8le adapt\u00e9 \u00e0 votre morphologie et \u00e0 vos trajets. Nous vous accueillons dans notre showroom de <strong>Laval<\/strong> pour des essais gratuits et personnalis\u00e9s. Vous pouvez r\u00e9server votre cr\u00e9neau directement via notre formulaire de contact en ligne ou nous appeler pour pr\u00e9parer le mod\u00e8le de votre choix (VTC, urbain ou cargo).<\/p><\/div><\/div><div class=\"wp-block-uagb-faq-child uagb-faq-child__outer-wrap uagb-faq-item uagb-block-20e0a27a \" role=\"tab\" tabindex=\"0\"><div class=\"uagb-faq-questions-button uagb-faq-questions\">\t\t\t<span class=\"uagb-icon uagb-faq-icon-wrap\">\n\t\t\t\t\t\t\t\t<svg xmlns=\"https:\/\/www.w3.org\/2000\/svg\" viewBox= \"0 0 448 512\"><path d=\"M432 256c0 17.69-14.33 32.01-32 32.01H256v144c0 17.69-14.33 31.99-32 31.99s-32-14.3-32-31.99v-144H48c-17.67 0-32-14.32-32-32.01s14.33-31.99 32-31.99H192v-144c0-17.69 14.33-32.01 32-32.01s32 14.32 32 32.01v144h144C417.7 224 432 238.3 432 256z\"><\/path><\/svg>\n\t\t\t\t\t\t\t<\/span>\n\t\t\t\t\t\t<span class=\"uagb-icon-active uagb-faq-icon-wrap\">\n\t\t\t\t\t\t\t\t<svg xmlns=\"https:\/\/www.w3.org\/2000\/svg\" viewBox= \"0 0 448 512\"><path d=\"M400 288h-352c-17.69 0-32-14.32-32-32.01s14.31-31.99 32-31.99h352c17.69 0 32 14.3 32 31.99S417.7 288 400 288z\"><\/path><\/svg>\n\t\t\t\t\t\t\t<\/span>\n\t\t\t<span class=\"uagb-question\">Comment se passe l&rsquo;entretien de mon v\u00e9lo apr\u00e8s l&rsquo;achat ?<\/span><\/div><div class=\"uagb-faq-content\"><p>Le service apr\u00e8s-vente est au c\u0153ur de notre engagement. V\u00e9lozen 53 dispose de son propre <strong>atelier de r\u00e9paration sp\u00e9cialis\u00e9<\/strong> en Mayenne. Pour tout achat d&rsquo;un VAE neuf, nous vous offrons une premi\u00e8re r\u00e9vision compl\u00e8te dans les six mois suivant l&rsquo;acquisition. Nos techniciens certifi\u00e9s s&rsquo;occupent de la mise \u00e0 jour des logiciels moteurs (Bosch, Shimano), du diagnostic de la batterie et des r\u00e9glages de s\u00e9curit\u00e9 pour garantir la long\u00e9vit\u00e9 de votre investissement.<\/p><\/div><\/div><\/div>","protected":false},"excerpt":{"rendered":"","protected":false},"author":1,"featured_media":0,"parent":0,"menu_order":0,"comment_status":"closed","ping_status":"closed","template":"","meta":{"_uag_custom_page_level_css":"","site-sidebar-layout":"default","site-content-layout":"","ast-site-content-layout":"default","site-content-style":"default","site-sidebar-style":"default","ast-global-header-display":"","ast-banner-title-visibility":"","ast-main-header-display":"","ast-hfb-above-header-display":"","ast-hfb-below-header-display":"","ast-hfb-mobile-header-display":"","site-post-title":"","ast-breadcrumbs-content":"","ast-featured-img":"","footer-sml-layout":"","ast-disable-related-posts":"","theme-transparent-header-meta":"","adv-header-id-meta":"","stick-header-meta":"","header-above-stick-meta":"","header-main-stick-meta":"","header-below-stick-meta":"","astra-migrate-meta-layouts":"default","ast-page-background-enabled":"default","ast-page-background-meta":{"desktop":{"background-color":"var(--ast-global-color-5)","background-image":"","background-repeat":"repeat","background-position":"center center","background-size":"auto","background-attachment":"scroll","background-type":"","background-media":"","overlay-type":"","overlay-color":"","overlay-opacity":"","overlay-gradient":""},"tablet":{"background-color":"","background-image":"","background-repeat":"repeat","background-position":"center center","background-size":"auto","background-attachment":"scroll","background-type":"","background-media":"","overlay-type":"","overlay-color":"","overlay-opacity":"","overlay-gradient":""},"mobile":{"background-color":"","background-image":"","background-repeat":"repeat","background-position":"center center","background-size":"auto","background-attachment":"scroll","background-type":"","background-media":"","overlay-type":"","overlay-color":"","overlay-opacity":"","overlay-gradient":""}},"ast-content-background-meta":{"desktop":{"background-color":"var(--ast-global-color-4)","background-image":"","background-repeat":"repeat","background-position":"center center","background-size":"auto","background-attachment":"scroll","background-type":"","background-media":"","overlay-type":"","overlay-color":"","overlay-opacity":"","overlay-gradient":""},"tablet":{"background-color":"var(--ast-global-color-4)","background-image":"","background-repeat":"repeat","background-position":"center center","background-size":"auto","background-attachment":"scroll","background-type":"","background-media":"","overlay-type":"","overlay-color":"","overlay-opacity":"","overlay-gradient":""},"mobile":{"background-color":"var(--ast-global-color-4)","background-image":"","background-repeat":"repeat","background-position":"center center","background-size":"auto","background-attachment":"scroll","background-type":"","background-media":"","overlay-type":"","overlay-color":"","overlay-opacity":"","overlay-gradient":""}},"footnotes":""},"class_list":["post-57","page","type-page","status-publish","hentry"],"yoast_head":"<!-- This site is optimized with the Yoast SEO plugin v27.4 - https:\/\/yoast.com\/product\/yoast-seo-wordpress\/ -->\n<title>FAQ - V\u00e9lozen<\/title>\n<meta name=\"robots\" content=\"index, follow, max-snippet:-1, max-image-preview:large, max-video-preview:-1\" \/>\n<link rel=\"canonical\" href=\"https:\/\/blog2.csmac-ngo.org\/index.php\/faq\/\" \/>\n<meta property=\"og:locale\" content=\"fr_FR\" \/>\n<meta property=\"og:type\" content=\"article\" \/>\n<meta property=\"og:title\" content=\"FAQ - V\u00e9lozen\" \/>\n<meta property=\"og:url\" content=\"https:\/\/blog2.csmac-ngo.org\/index.php\/faq\/\" \/>\n<meta property=\"og:site_name\" content=\"V\u00e9lozen\" \/>\n<meta name=\"twitter:card\" content=\"summary_large_image\" \/>\n<script type=\"application\/ld+json\" class=\"yoast-schema-graph\">{\"@context\":\"https:\\\/\\\/schema.org\",\"@graph\":[{\"@type\":\"WebPage\",\"@id\":\"https:\\\/\\\/blog2.csmac-ngo.org\\\/index.php\\\/faq\\\/\",\"url\":\"https:\\\/\\\/blog2.csmac-ngo.org\\\/index.php\\\/faq\\\/\",\"name\":\"FAQ - V\u00e9lozen\",\"isPartOf\":{\"@id\":\"https:\\\/\\\/blog2.csmac-ngo.org\\\/#website\"},\"datePublished\":\"2026-04-20T09:32:35+00:00\",\"breadcrumb\":{\"@id\":\"https:\\\/\\\/blog2.csmac-ngo.org\\\/index.php\\\/faq\\\/#breadcrumb\"},\"inLanguage\":\"fr-FR\",\"potentialAction\":[{\"@type\":\"ReadAction\",\"target\":[\"https:\\\/\\\/blog2.csmac-ngo.org\\\/index.php\\\/faq\\\/\"]}]},{\"@type\":\"BreadcrumbList\",\"@id\":\"https:\\\/\\\/blog2.csmac-ngo.org\\\/index.php\\\/faq\\\/#breadcrumb\",\"itemListElement\":[{\"@type\":\"ListItem\",\"position\":1,\"name\":\"Accueil\",\"item\":\"https:\\\/\\\/blog2.csmac-ngo.org\\\/\"},{\"@type\":\"ListItem\",\"position\":2,\"name\":\"FAQ\"}]},{\"@type\":\"WebSite\",\"@id\":\"https:\\\/\\\/blog2.csmac-ngo.org\\\/#website\",\"url\":\"https:\\\/\\\/blog2.csmac-ngo.org\\\/\",\"name\":\"V\u00e9lozen\",\"description\":\"La mobilit\u00e9 douce \u00e0 Laval\",\"publisher\":{\"@id\":\"https:\\\/\\\/blog2.csmac-ngo.org\\\/#organization\"},\"potentialAction\":[{\"@type\":\"SearchAction\",\"target\":{\"@type\":\"EntryPoint\",\"urlTemplate\":\"https:\\\/\\\/blog2.csmac-ngo.org\\\/?s={search_term_string}\"},\"query-input\":{\"@type\":\"PropertyValueSpecification\",\"valueRequired\":true,\"valueName\":\"search_term_string\"}}],\"inLanguage\":\"fr-FR\"},{\"@type\":\"Organization\",\"@id\":\"https:\\\/\\\/blog2.csmac-ngo.org\\\/#organization\",\"name\":\"V\u00e9lozen\",\"url\":\"https:\\\/\\\/blog2.csmac-ngo.org\\\/\",\"logo\":{\"@type\":\"ImageObject\",\"inLanguage\":\"fr-FR\",\"@id\":\"https:\\\/\\\/blog2.csmac-ngo.org\\\/#\\\/schema\\\/logo\\\/image\\\/\",\"url\":\"https:\\\/\\\/blog2.csmac-ngo.org\\\/wp-content\\\/uploads\\\/2026\\\/04\\\/cropped-velo-electrique-vttae-accueil-frais-de-livraison-retour-1-velo-electrique.webp\",\"contentUrl\":\"https:\\\/\\\/blog2.csmac-ngo.org\\\/wp-content\\\/uploads\\\/2026\\\/04\\\/cropped-velo-electrique-vttae-accueil-frais-de-livraison-retour-1-velo-electrique.webp\",\"width\":600,\"height\":600,\"caption\":\"V\u00e9lozen\"},\"image\":{\"@id\":\"https:\\\/\\\/blog2.csmac-ngo.org\\\/#\\\/schema\\\/logo\\\/image\\\/\"}}]}<\/script>\n<!-- \/ Yoast SEO plugin. -->","yoast_head_json":{"title":"FAQ - V\u00e9lozen","robots":{"index":"index","follow":"follow","max-snippet":"max-snippet:-1","max-image-preview":"max-image-preview:large","max-video-preview":"max-video-preview:-1"},"canonical":"https:\/\/blog2.csmac-ngo.org\/index.php\/faq\/","og_locale":"fr_FR","og_type":"article","og_title":"FAQ - V\u00e9lozen","og_url":"https:\/\/blog2.csmac-ngo.org\/index.php\/faq\/","og_site_name":"V\u00e9lozen","twitter_card":"summary_large_image","schema":{"@context":"https:\/\/schema.org","@graph":[{"@type":"WebPage","@id":"https:\/\/blog2.csmac-ngo.org\/index.php\/faq\/","url":"https:\/\/blog2.csmac-ngo.org\/index.php\/faq\/","name":"FAQ - V\u00e9lozen","isPartOf":{"@id":"https:\/\/blog2.csmac-ngo.org\/#website"},"datePublished":"2026-04-20T09:32:35+00:00","breadcrumb":{"@id":"https:\/\/blog2.csmac-ngo.org\/index.php\/faq\/#breadcrumb"},"inLanguage":"fr-FR","potentialAction":[{"@type":"ReadAction","target":["https:\/\/blog2.csmac-ngo.org\/index.php\/faq\/"]}]},{"@type":"BreadcrumbList","@id":"https:\/\/blog2.csmac-ngo.org\/index.php\/faq\/#breadcrumb","itemListElement":[{"@type":"ListItem","position":1,"name":"Accueil","item":"https:\/\/blog2.csmac-ngo.org\/"},{"@type":"ListItem","position":2,"name":"FAQ"}]},{"@type":"WebSite","@id":"https:\/\/blog2.csmac-ngo.org\/#website","url":"https:\/\/blog2.csmac-ngo.org\/","name":"V\u00e9lozen","description":"La mobilit\u00e9 douce \u00e0 Laval","publisher":{"@id":"https:\/\/blog2.csmac-ngo.org\/#organization"},"potentialAction":[{"@type":"SearchAction","target":{"@type":"EntryPoint","urlTemplate":"https:\/\/blog2.csmac-ngo.org\/?s={search_term_string}"},"query-input":{"@type":"PropertyValueSpecification","valueRequired":true,"valueName":"search_term_string"}}],"inLanguage":"fr-FR"},{"@type":"Organization","@id":"https:\/\/blog2.csmac-ngo.org\/#organization","name":"V\u00e9lozen","url":"https:\/\/blog2.csmac-ngo.org\/","logo":{"@type":"ImageObject","inLanguage":"fr-FR","@id":"https:\/\/blog2.csmac-ngo.org\/#\/schema\/logo\/image\/","url":"https:\/\/blog2.csmac-ngo.org\/wp-content\/uploads\/2026\/04\/cropped-velo-electrique-vttae-accueil-frais-de-livraison-retour-1-velo-electrique.webp","contentUrl":"https:\/\/blog2.csmac-ngo.org\/wp-content\/uploads\/2026\/04\/cropped-velo-electrique-vttae-accueil-frais-de-livraison-retour-1-velo-electrique.webp","width":600,"height":600,"caption":"V\u00e9lozen"},"image":{"@id":"https:\/\/blog2.csmac-ngo.org\/#\/schema\/logo\/image\/"}}]}},"uagb_featured_image_src":{"full":false,"thumbnail":false,"medium":false,"medium_large":false,"large":false,"1536x1536":false,"2048x2048":false},"uagb_author_info":{"display_name":"titouan","author_link":"https:\/\/blog2.csmac-ngo.org\/index.php\/author\/titouan\/"},"uagb_comment_info":0,"uagb_excerpt":null,"_links":{"self":[{"href":"https:\/\/blog2.csmac-ngo.org\/index.php\/wp-json\/wp\/v2\/pages\/57","targetHints":{"allow":["GET"]}}],"collection":[{"href":"https:\/\/blog2.csmac-ngo.org\/index.php\/wp-json\/wp\/v2\/pages"}],"about":[{"href":"https:\/\/blog2.csmac-ngo.org\/index.php\/wp-json\/wp\/v2\/types\/page"}],"author":[{"embeddable":true,"href":"https:\/\/blog2.csmac-ngo.org\/index.php\/wp-json\/wp\/v2\/users\/1"}],"replies":[{"embeddable":true,"href":"https:\/\/blog2.csmac-ngo.org\/index.php\/wp-json\/wp\/v2\/comments?post=57"}],"version-history":[{"count":1,"href":"https:\/\/blog2.csmac-ngo.org\/index.php\/wp-json\/wp\/v2\/pages\/57\/revisions"}],"predecessor-version":[{"id":58,"href":"https:\/\/blog2.csmac-ngo.org\/index.php\/wp-json\/wp\/v2\/pages\/57\/revisions\/58"}],"wp:attachment":[{"href":"https:\/\/blog2.csmac-ngo.org\/index.php\/wp-json\/wp\/v2\/media?parent=57"}],"curies":[{"name":"wp","href":"https:\/\/api.w.org\/{rel}","templated":true}]}}