{"id":19,"date":"2026-04-20T10:40:06","date_gmt":"2026-04-20T08:40:06","guid":{"rendered":"https:\/\/blog2.csmac-ngo.org\/?page_id=19"},"modified":"2026-04-20T11:00:53","modified_gmt":"2026-04-20T09:00:53","slug":"accueil","status":"publish","type":"page","link":"https:\/\/blog2.csmac-ngo.org\/","title":{"rendered":"Accueil"},"content":{"rendered":"\n<figure class=\"wp-block-image size-full\"><img loading=\"lazy\" decoding=\"async\" width=\"600\" height=\"400\" src=\"https:\/\/blog2.csmac-ngo.org\/wp-content\/uploads\/2026\/04\/depositphotos_184773128-stock-photo-mountain-biking-women-and-man.webp\" alt=\"\" class=\"wp-image-40\" srcset=\"https:\/\/blog2.csmac-ngo.org\/wp-content\/uploads\/2026\/04\/depositphotos_184773128-stock-photo-mountain-biking-women-and-man.webp 600w, https:\/\/blog2.csmac-ngo.org\/wp-content\/uploads\/2026\/04\/depositphotos_184773128-stock-photo-mountain-biking-women-and-man-300x200.webp 300w\" sizes=\"auto, (max-width: 600px) 100vw, 600px\" \/><\/figure>\n","protected":false},"excerpt":{"rendered":"","protected":false},"author":1,"featured_media":0,"parent":0,"menu_order":0,"comment_status":"closed","ping_status":"closed","template":"","meta":{"_uag_custom_page_level_css":"","site-sidebar-layout":"default","site-content-layout":"","ast-site-content-layout":"default","site-content-style":"default","site-sidebar-style":"default","ast-global-header-display":"","ast-banner-title-visibility":"","ast-main-header-display":"","ast-hfb-above-header-display":"","ast-hfb-below-header-display":"","ast-hfb-mobile-header-display":"","site-post-title":"","ast-breadcrumbs-content":"","ast-featured-img":"","footer-sml-layout":"","ast-disable-related-posts":"","theme-transparent-header-meta":"","adv-header-id-meta":"","stick-header-meta":"","header-above-stick-meta":"","header-main-stick-meta":"","header-below-stick-meta":"","astra-migrate-meta-layouts":"default","ast-page-background-enabled":"default","ast-page-background-meta":{"desktop":{"background-color":"var(--ast-global-color-5)","background-image":"","background-repeat":"repeat","background-position":"center center","background-size":"auto","background-attachment":"scroll","background-type":"","background-media":"","overlay-type":"","overlay-color":"","overlay-opacity":"","overlay-gradient":""},"tablet":{"background-color":"","background-image":"","background-repeat":"repeat","background-position":"center center","background-size":"auto","background-attachment":"scroll","background-type":"","background-media":"","overlay-type":"","overlay-color":"","overlay-opacity":"","overlay-gradient":""},"mobile":{"background-color":"","background-image":"","background-repeat":"repeat","background-position":"center center","background-size":"auto","background-attachment":"scroll","background-type":"","background-media":"","overlay-type":"","overlay-color":"","overlay-opacity":"","overlay-gradient":""}},"ast-content-background-meta":{"desktop":{"background-color":"var(--ast-global-color-4)","background-image":"","background-repeat":"repeat","background-position":"center center","background-size":"auto","background-attachment":"scroll","background-type":"","background-media":"","overlay-type":"","overlay-color":"","overlay-opacity":"","overlay-gradient":""},"tablet":{"background-color":"var(--ast-global-color-4)","background-image":"","background-repeat":"repeat","background-position":"center center","background-size":"auto","background-attachment":"scroll","background-type":"","background-media":"","overlay-type":"","overlay-color":"","overlay-opacity":"","overlay-gradient":""},"mobile":{"background-color":"var(--ast-global-color-4)","background-image":"","background-repeat":"repeat","background-position":"center center","background-size":"auto","background-attachment":"scroll","background-type":"","background-media":"","overlay-type":"","overlay-color":"","overlay-opacity":"","overlay-gradient":""}},"footnotes":""},"class_list":["post-19","page","type-page","status-publish","hentry"],"yoast_head":"<!-- This site is optimized with the Yoast SEO plugin v27.4 - https:\/\/yoast.com\/product\/yoast-seo-wordpress\/ -->\n<title>Accueil - V\u00e9lozen<\/title>\n<meta name=\"robots\" content=\"index, follow, max-snippet:-1, max-image-preview:large, max-video-preview:-1\" \/>\n<link rel=\"canonical\" href=\"https:\/\/blog2.csmac-ngo.org\/\" \/>\n<meta property=\"og:locale\" content=\"fr_FR\" \/>\n<meta property=\"og:type\" content=\"article\" \/>\n<meta property=\"og:title\" content=\"Accueil - V\u00e9lozen\" \/>\n<meta property=\"og:url\" content=\"https:\/\/blog2.csmac-ngo.org\/\" \/>\n<meta property=\"og:site_name\" content=\"V\u00e9lozen\" \/>\n<meta property=\"article:modified_time\" content=\"2026-04-20T09:00:53+00:00\" \/>\n<meta property=\"og:image\" content=\"https:\/\/blog2.csmac-ngo.org\/wp-content\/uploads\/2026\/04\/depositphotos_184773128-stock-photo-mountain-biking-women-and-man.webp\" \/>\n\t<meta property=\"og:image:width\" content=\"600\" \/>\n\t<meta property=\"og:image:height\" content=\"400\" \/>\n\t<meta property=\"og:image:type\" content=\"image\/webp\" \/>\n<meta name=\"twitter:card\" content=\"summary_large_image\" \/>\n<meta name=\"twitter:label1\" content=\"Dur\u00e9e de lecture estim\u00e9e\" \/>\n\t<meta name=\"twitter:data1\" content=\"1 minute\" \/>\n<script type=\"application\/ld+json\" class=\"yoast-schema-graph\">{\"@context\":\"https:\\\/\\\/schema.org\",\"@graph\":[{\"@type\":\"WebPage\",\"@id\":\"https:\\\/\\\/blog2.csmac-ngo.org\\\/\",\"url\":\"https:\\\/\\\/blog2.csmac-ngo.org\\\/\",\"name\":\"Accueil - V\u00e9lozen\",\"isPartOf\":{\"@id\":\"https:\\\/\\\/blog2.csmac-ngo.org\\\/#website\"},\"primaryImageOfPage\":{\"@id\":\"https:\\\/\\\/blog2.csmac-ngo.org\\\/#primaryimage\"},\"image\":{\"@id\":\"https:\\\/\\\/blog2.csmac-ngo.org\\\/#primaryimage\"},\"thumbnailUrl\":\"https:\\\/\\\/blog2.csmac-ngo.org\\\/wp-content\\\/uploads\\\/2026\\\/04\\\/depositphotos_184773128-stock-photo-mountain-biking-women-and-man.webp\",\"datePublished\":\"2026-04-20T08:40:06+00:00\",\"dateModified\":\"2026-04-20T09:00:53+00:00\",\"breadcrumb\":{\"@id\":\"https:\\\/\\\/blog2.csmac-ngo.org\\\/#breadcrumb\"},\"inLanguage\":\"fr-FR\",\"potentialAction\":[{\"@type\":\"ReadAction\",\"target\":[\"https:\\\/\\\/blog2.csmac-ngo.org\\\/\"]}]},{\"@type\":\"ImageObject\",\"inLanguage\":\"fr-FR\",\"@id\":\"https:\\\/\\\/blog2.csmac-ngo.org\\\/#primaryimage\",\"url\":\"https:\\\/\\\/blog2.csmac-ngo.org\\\/wp-content\\\/uploads\\\/2026\\\/04\\\/depositphotos_184773128-stock-photo-mountain-biking-women-and-man.webp\",\"contentUrl\":\"https:\\\/\\\/blog2.csmac-ngo.org\\\/wp-content\\\/uploads\\\/2026\\\/04\\\/depositphotos_184773128-stock-photo-mountain-biking-women-and-man.webp\",\"width\":600,\"height\":400},{\"@type\":\"BreadcrumbList\",\"@id\":\"https:\\\/\\\/blog2.csmac-ngo.org\\\/#breadcrumb\",\"itemListElement\":[{\"@type\":\"ListItem\",\"position\":1,\"name\":\"Accueil\",\"item\":\"https:\\\/\\\/blog2.csmac-ngo.org\\\/\"},{\"@type\":\"ListItem\",\"position\":2,\"name\":\"Accueil\"}]},{\"@type\":\"WebSite\",\"@id\":\"https:\\\/\\\/blog2.csmac-ngo.org\\\/#website\",\"url\":\"https:\\\/\\\/blog2.csmac-ngo.org\\\/\",\"name\":\"V\u00e9lozen\",\"description\":\"La mobilit\u00e9 douce \u00e0 Laval\",\"publisher\":{\"@id\":\"https:\\\/\\\/blog2.csmac-ngo.org\\\/#organization\"},\"potentialAction\":[{\"@type\":\"SearchAction\",\"target\":{\"@type\":\"EntryPoint\",\"urlTemplate\":\"https:\\\/\\\/blog2.csmac-ngo.org\\\/?s={search_term_string}\"},\"query-input\":{\"@type\":\"PropertyValueSpecification\",\"valueRequired\":true,\"valueName\":\"search_term_string\"}}],\"inLanguage\":\"fr-FR\"},{\"@type\":\"Organization\",\"@id\":\"https:\\\/\\\/blog2.csmac-ngo.org\\\/#organization\",\"name\":\"V\u00e9lozen\",\"url\":\"https:\\\/\\\/blog2.csmac-ngo.org\\\/\",\"logo\":{\"@type\":\"ImageObject\",\"inLanguage\":\"fr-FR\",\"@id\":\"https:\\\/\\\/blog2.csmac-ngo.org\\\/#\\\/schema\\\/logo\\\/image\\\/\",\"url\":\"https:\\\/\\\/blog2.csmac-ngo.org\\\/wp-content\\\/uploads\\\/2026\\\/04\\\/cropped-velo-electrique-vttae-accueil-frais-de-livraison-retour-1-velo-electrique.webp\",\"contentUrl\":\"https:\\\/\\\/blog2.csmac-ngo.org\\\/wp-content\\\/uploads\\\/2026\\\/04\\\/cropped-velo-electrique-vttae-accueil-frais-de-livraison-retour-1-velo-electrique.webp\",\"width\":600,\"height\":600,\"caption\":\"V\u00e9lozen\"},\"image\":{\"@id\":\"https:\\\/\\\/blog2.csmac-ngo.org\\\/#\\\/schema\\\/logo\\\/image\\\/\"}}]}<\/script>\n<!-- \/ Yoast SEO plugin. -->","yoast_head_json":{"title":"Accueil - V\u00e9lozen","robots":{"index":"index","follow":"follow","max-snippet":"max-snippet:-1","max-image-preview":"max-image-preview:large","max-video-preview":"max-video-preview:-1"},"canonical":"https:\/\/blog2.csmac-ngo.org\/","og_locale":"fr_FR","og_type":"article","og_title":"Accueil - V\u00e9lozen","og_url":"https:\/\/blog2.csmac-ngo.org\/","og_site_name":"V\u00e9lozen","article_modified_time":"2026-04-20T09:00:53+00:00","og_image":[{"width":600,"height":400,"url":"https:\/\/blog2.csmac-ngo.org\/wp-content\/uploads\/2026\/04\/depositphotos_184773128-stock-photo-mountain-biking-women-and-man.webp","type":"image\/webp"}],"twitter_card":"summary_large_image","twitter_misc":{"Dur\u00e9e de lecture estim\u00e9e":"1 minute"},"schema":{"@context":"https:\/\/schema.org","@graph":[{"@type":"WebPage","@id":"https:\/\/blog2.csmac-ngo.org\/","url":"https:\/\/blog2.csmac-ngo.org\/","name":"Accueil - V\u00e9lozen","isPartOf":{"@id":"https:\/\/blog2.csmac-ngo.org\/#website"},"primaryImageOfPage":{"@id":"https:\/\/blog2.csmac-ngo.org\/#primaryimage"},"image":{"@id":"https:\/\/blog2.csmac-ngo.org\/#primaryimage"},"thumbnailUrl":"https:\/\/blog2.csmac-ngo.org\/wp-content\/uploads\/2026\/04\/depositphotos_184773128-stock-photo-mountain-biking-women-and-man.webp","datePublished":"2026-04-20T08:40:06+00:00","dateModified":"2026-04-20T09:00:53+00:00","breadcrumb":{"@id":"https:\/\/blog2.csmac-ngo.org\/#breadcrumb"},"inLanguage":"fr-FR","potentialAction":[{"@type":"ReadAction","target":["https:\/\/blog2.csmac-ngo.org\/"]}]},{"@type":"ImageObject","inLanguage":"fr-FR","@id":"https:\/\/blog2.csmac-ngo.org\/#primaryimage","url":"https:\/\/blog2.csmac-ngo.org\/wp-content\/uploads\/2026\/04\/depositphotos_184773128-stock-photo-mountain-biking-women-and-man.webp","contentUrl":"https:\/\/blog2.csmac-ngo.org\/wp-content\/uploads\/2026\/04\/depositphotos_184773128-stock-photo-mountain-biking-women-and-man.webp","width":600,"height":400},{"@type":"BreadcrumbList","@id":"https:\/\/blog2.csmac-ngo.org\/#breadcrumb","itemListElement":[{"@type":"ListItem","position":1,"name":"Accueil","item":"https:\/\/blog2.csmac-ngo.org\/"},{"@type":"ListItem","position":2,"name":"Accueil"}]},{"@type":"WebSite","@id":"https:\/\/blog2.csmac-ngo.org\/#website","url":"https:\/\/blog2.csmac-ngo.org\/","name":"V\u00e9lozen","description":"La mobilit\u00e9 douce \u00e0 Laval","publisher":{"@id":"https:\/\/blog2.csmac-ngo.org\/#organization"},"potentialAction":[{"@type":"SearchAction","target":{"@type":"EntryPoint","urlTemplate":"https:\/\/blog2.csmac-ngo.org\/?s={search_term_string}"},"query-input":{"@type":"PropertyValueSpecification","valueRequired":true,"valueName":"search_term_string"}}],"inLanguage":"fr-FR"},{"@type":"Organization","@id":"https:\/\/blog2.csmac-ngo.org\/#organization","name":"V\u00e9lozen","url":"https:\/\/blog2.csmac-ngo.org\/","logo":{"@type":"ImageObject","inLanguage":"fr-FR","@id":"https:\/\/blog2.csmac-ngo.org\/#\/schema\/logo\/image\/","url":"https:\/\/blog2.csmac-ngo.org\/wp-content\/uploads\/2026\/04\/cropped-velo-electrique-vttae-accueil-frais-de-livraison-retour-1-velo-electrique.webp","contentUrl":"https:\/\/blog2.csmac-ngo.org\/wp-content\/uploads\/2026\/04\/cropped-velo-electrique-vttae-accueil-frais-de-livraison-retour-1-velo-electrique.webp","width":600,"height":600,"caption":"V\u00e9lozen"},"image":{"@id":"https:\/\/blog2.csmac-ngo.org\/#\/schema\/logo\/image\/"}}]}},"uagb_featured_image_src":{"full":false,"thumbnail":false,"medium":false,"medium_large":false,"large":false,"1536x1536":false,"2048x2048":false},"uagb_author_info":{"display_name":"titouan","author_link":"https:\/\/blog2.csmac-ngo.org\/index.php\/author\/titouan\/"},"uagb_comment_info":0,"uagb_excerpt":null,"_links":{"self":[{"href":"https:\/\/blog2.csmac-ngo.org\/index.php\/wp-json\/wp\/v2\/pages\/19","targetHints":{"allow":["GET"]}}],"collection":[{"href":"https:\/\/blog2.csmac-ngo.org\/index.php\/wp-json\/wp\/v2\/pages"}],"about":[{"href":"https:\/\/blog2.csmac-ngo.org\/index.php\/wp-json\/wp\/v2\/types\/page"}],"author":[{"embeddable":true,"href":"https:\/\/blog2.csmac-ngo.org\/index.php\/wp-json\/wp\/v2\/users\/1"}],"replies":[{"embeddable":true,"href":"https:\/\/blog2.csmac-ngo.org\/index.php\/wp-json\/wp\/v2\/comments?post=19"}],"version-history":[{"count":2,"href":"https:\/\/blog2.csmac-ngo.org\/index.php\/wp-json\/wp\/v2\/pages\/19\/revisions"}],"predecessor-version":[{"id":41,"href":"https:\/\/blog2.csmac-ngo.org\/index.php\/wp-json\/wp\/v2\/pages\/19\/revisions\/41"}],"wp:attachment":[{"href":"https:\/\/blog2.csmac-ngo.org\/index.php\/wp-json\/wp\/v2\/media?parent=19"}],"curies":[{"name":"wp","href":"https:\/\/api.w.org\/{rel}","templated":true}]}}